{"id":25,"date":"2023-12-25T12:44:14","date_gmt":"2023-12-25T12:44:14","guid":{"rendered":"http:\/\/www.maciejparol.pl\/?page_id=25"},"modified":"2026-01-31T17:07:29","modified_gmt":"2026-01-31T17:07:29","slug":"dorobek-naukowy","status":"publish","type":"page","link":"https:\/\/www.maciejparol.pl\/index.php\/dorobek-naukowy\/","title":{"rendered":"Dorobek naukowy"},"content":{"rendered":"\n<div class=\"wp-block-cover\" style=\"min-height:497px\"><span aria-hidden=\"true\" class=\"wp-block-cover__background has-background-dim\"><\/span><img loading=\"lazy\" decoding=\"async\" width=\"1017\" height=\"1024\" class=\"wp-block-cover__image-background wp-image-389\" alt=\"\" src=\"http:\/\/www.maciejparol.pl\/wp-content\/uploads\/2024\/01\/received_1343737932861432-1017x1024.jpeg\" data-object-fit=\"cover\" srcset=\"https:\/\/www.maciejparol.pl\/wp-content\/uploads\/2024\/01\/received_1343737932861432-1017x1024.jpeg 1017w, https:\/\/www.maciejparol.pl\/wp-content\/uploads\/2024\/01\/received_1343737932861432-298x300.jpeg 298w, https:\/\/www.maciejparol.pl\/wp-content\/uploads\/2024\/01\/received_1343737932861432-150x150.jpeg 150w, https:\/\/www.maciejparol.pl\/wp-content\/uploads\/2024\/01\/received_1343737932861432-768x773.jpeg 768w, https:\/\/www.maciejparol.pl\/wp-content\/uploads\/2024\/01\/received_1343737932861432-1526x1536.jpeg 1526w, https:\/\/www.maciejparol.pl\/wp-content\/uploads\/2024\/01\/received_1343737932861432.jpeg 2034w\" sizes=\"(max-width: 1017px) 100vw, 1017px\" \/><div class=\"wp-block-cover__inner-container is-layout-flow wp-block-cover-is-layout-flow\">\n<h1 class=\"wp-block-heading\">Wykszta\u0142cenie:<\/h1>\n<\/div><\/div>\n\n\n\n<div class=\"wp-block-group is-layout-constrained wp-block-group-is-layout-constrained\"><div class=\"wp-block-group__inner-container\">\n<ul class=\"has-black-color has-text-color has-link-color wp-elements-98de8d05d44767f3139b7e8a811e140e\">\n<li style=\"font-style:normal;font-weight:400\">2012 r. \u2013 uzyskanie tytu\u0142u licencjata<br>Kierunek: matematyka \u2013 specjalno\u015b\u0107 finansowa i ubezpieczeniowa<br>Instytucja: Uniwersytet Marii Curie \u2013 Sk\u0142odowskiej w Lublinie<br>Tytu\u0142 pracy dyplomowej: \u201eW\u0142asno\u015bci i wykorzystanie splotu\u201d<\/li>\n\n\n\n<li>2014 r. \u2013 uzyskanie tytu\u0142u magistra<br>Kierunek: matematyka \u2013 specjalno\u015b\u0107 finansowa i ubezpieczeniowa<br>Instytucja: Uniwersytet Marii Curie \u2013 Sk\u0142odowskiej w Lublinie<br>Tytu\u0142 pracy dyplomowej: \u201eO jednolistno\u015bci pewnego operatora ca\u0142kowego\u201d<\/li>\n\n\n\n<li>2022 r. \u2013 uzyskanie stopnia doktora<br>Kierunek: matematyka<br>Instytucja: Uniwersytet Marii Curie \u2013 Sk\u0142odowskiej w Lublinie<br>Tytu\u0142 pracy dyplomowej: \u201ePrzed\u0142u\u017cenia holomorficzne iloczynu Hadamarda funkcji holomorficznych\u201d<\/li>\n<\/ul>\n\n\n\n<h3 class=\"wp-block-heading\">Zainteresowania naukowe: <\/h3>\n\n\n\n<ul>\n<li>Analiza rzeczywista<\/li>\n\n\n\n<li>Analiza zespolona<\/li>\n\n\n\n<li>Geometria<\/li>\n\n\n\n<li>Topologia<\/li>\n<\/ul>\n<\/div><\/div>\n\n\n\n<h3 class=\"wp-block-heading has-black-color has-text-color has-link-color wp-elements-96a9ed34fa5173a5dcc6a1b5c7531046\">Publikacje:<\/h3>\n\n\n\n<ul class=\"has-black-color has-text-color has-link-color wp-elements-012e6a6ba84b8d2d48d18d9a8f2a5566\">\n<li>S. Ignaciuk, M. Parol, <a href=\"https:\/\/journals.umcs.pl\/a\/article\/view\/10136\">&#8222;Criteria of univalence for a certain integral operator&#8221;<\/a>, Annales Universitatis Mariae-Curie Sklodowska, Sectio A Mathematica, Vol 73 (2), pp. 27-31, 2019.<\/li>\n\n\n\n<li>S. Ignaciuk, M. Parol, <a href=\"https:\/\/link.springer.com\/article\/10.1007\/s10476-020-0044-8\">&#8222;Zeros of complex polynomials and Kaplan classes&#8221;<\/a>, Analysis Mathematica, Vol 46 (4), pp. 769-779, 2020.<\/li>\n\n\n\n<li>S. Ignaciuk, M. Parol, <a href=\"https:\/\/journals.umcs.pl\/a\/article\/view\/11833\">&#8222;Kaplan classes of a certain family of functions&#8221;<\/a>, Annales Universitatis Mariae-Curie Sklodowska, Sectio A Mathematica, Vol 74 (2), pp. 31-40, 2020.<\/li>\n\n\n\n<li>A. Grigoryan, S. Ignaciuk, M. Parol,<a href=\"https:\/\/sciendo.com\/pl\/article\/10.2478\/auom-2021-0026\"> \u201cA generalization of Archimedes&#8217; theorem on the area of a parabolic segment\u201d<\/a>, Analele Stiintifice ale Universitatii Ovidius Constanta Seria Matematica, Vol 29(2), pp. 199-209, 2021.<\/li>\n\n\n\n<li>S. Ignaciuk, M. Parol, <a href=\"https:\/\/acad.ro\/sectii2002\/proceedings\/doc2021-1\/03-Ignaciuk_Parol.pdf\">&#8222;A gap condition for the zeros of a certain class of finite products&#8221;<\/a>, Proceedings of the Romanian Academy &#8211; Series A, Vol 22(1), pp. 19-25, 2021.<\/li>\n\n\n\n<li>S. Ignaciuk, M. Parol, <a href=\"https:\/\/link.springer.com\/article\/10.1007\/s13324-021-00501-8\">&#8222;On the Koebe Quarter Theorem for certain polynomials&#8221;<\/a>, Analysis and Mathematical Physics, Vol 11(2), pp. 1-12, 2021.<\/li>\n\n\n\n<li>M. Parol, D. Partyka, <a href=\"https:\/\/journals.umcs.pl\/a\/article\/view\/13495\">\u201cContribution to Hadamard multiplication theorem\u201d<\/a>, Annales Universitatis Mariae-Curie Sklodowska, Sectio A Mathematica, Vol 75(2), pp. 93-107, 2021.<\/li>\n\n\n\n<li>S. Ignaciuk, M. Parol, <a href=\"https:\/\/www.tandfonline.com\/doi\/abs\/10.2989\/16073606.2021.1927234\">&#8222;Complete membership to Kaplan Classes of a certain class of functions&#8221;<\/a>, Quaestiones Mathematicae, Vol 45(7), pp. 1043-1048, 2022.<\/li>\n\n\n\n<li>S. Ignaciuk, M. Parol, <a href=\"https:\/\/link.springer.com\/article\/10.1007\/s13324-022-00703-8\">&#8222;On the Koebe Quarter Theorem for certain polynomials of odd degree&#8221;<\/a>, Analysis and Mathematical Physics, Vol 12(4), pp. 1-13, 2022.<\/li>\n\n\n\n<li>S. Ignaciuk, M. Parol, <a href=\"https:\/\/www.ams.org\/journals\/proc\/2024-152-04\/S0002-9939-2024-16679-X\/home.html\">&#8222;On a certain subclass of univalent functions&#8221;<\/a>, Proceedings of the American Mathematical Society, Vol 152, pp. 1725-1732, 2024.<\/li>\n\n\n\n<li>S. Ignaciuk, M. Parol, <a href=\"https:\/\/link.springer.com\/article\/10.1007\/s11785-024-01564-8\">&#8222;A gap condition for the zeros and singularities of a certain class of products\u201d<\/a>, Complex Analysis and Operator Theory, Vol 18(119), 2024.<\/li>\n\n\n\n<li>S. Ignaciuk, M. Parol, <a href=\"https:\/\/link.springer.com\/article\/10.1007\/s40315-024-00569-w\">&#8222;On the Koebe Quarter Theorem for Certain Polynomials of Even Degree&#8221;<\/a>,&nbsp;Computational Methods and Function Theory,&nbsp;2024.<\/li>\n\n\n\n<li>S. Ignaciuk, M. Parol, <a href=\"https:\/\/journals.umcs.pl\/a\/article\/view\/19843\">&#8222;Generalized Kaplan Classes and their applications&#8221;<\/a>, Annales Universitatis Mariae-Curie Sklodowska, Sectio A Mathematica, Vol 79(1), pp. 53-74, 2025.<\/li>\n\n\n\n<li>M. Parol, D. Partyka, <a href=\"https:\/\/doi.org\/10.1007\/s11785-026-01901-z\">&#8222;Holomorphic Extensions of Generalized Hadamard Product&#8221;<\/a>,\u00a0Complex Analysis and Operator Theory,\u00a0Vol<strong> <\/strong>20(47), 2026.<\/li>\n\n\n\n<li>A. Grigoryan, S. Ignaciuk, M. Parol, &#8222;Archimedes invariant partitions of curves&#8221;, Periodica Mathematica Hungarica, 2026. (accepted)<\/li>\n<\/ul>\n\n\n\n<h3 class=\"wp-block-heading has-black-color has-text-color has-link-color wp-elements-a15915a7ee6b12554ae19662b4be3c61\">Konferencje:<\/h3>\n\n\n\n<ul class=\"has-black-color has-text-color has-link-color wp-elements-8b807c77e872b1ab74319103fed5ff78\">\n<li>Referat pt: \u201eSplot podzbior\u00f3w p\u0142aszczyzny zespolonej\u201d, konferencja krajowa \u201eCongressio Mathematica 2017\u201d<\/li>\n\n\n\n<li>Referat pt: \u201eJednolistno\u015b\u0107 pewnego operatora ca\u0142kowego\u201d, konferencja mi\u0119dzynarodowa \u201eCongressio Mathematica 2019\u201d<\/li>\n\n\n\n<li>Referat pt: \u201eKaplan classes for polynomials with all zeros on unit circle\u201d, konferencja mi\u0119dzynarodowa \u201eCongressio Mathematica 2020\u201d<\/li>\n\n\n\n<li>Referat pt: \u201eOn the Koebe Quarter Theorem for certain polynomials\u201d, konferencja mi\u0119dzynarodowa \u201e(Hyper)complex Seminar 2021\u201d<\/li>\n\n\n\n<li>Referat pt: \u201ePrzed\u0142u\u017cenia holomorficzne iloczynu Hadamarda funkcji holomorficznych\u201d, mi\u0119dzyuczelniane seminarium \u201eCongressio Mathematica\u201d 2.06.2022<\/li>\n\n\n\n<li>Referat pt: \u201eThe Koebe radius for certain class of polynomials\u201d, konferencja mi\u0119dzynarodowa \u201e(Hyper)complex Seminar 2023\u201d<\/li>\n\n\n\n<li>Referat pt: \u201ePrzed\u0142u\u017cenia holomorficzne iloczynu Hadamarda funkcji holomorficznych\u201d, seminarium Katedry Zastosowa\u0144 Matematyki i Informatyki Uniwersytetu Przyrodniczego w Lublinie 28.11.2023<\/li>\n<\/ul>\n\n\n\n<h3 class=\"wp-block-heading has-black-color has-text-color has-link-color wp-elements-c3a4b440f9abd2e9bb81b28a853d7b62\">Recenzje:<\/h3>\n\n\n\n<ul class=\"has-black-color has-text-color has-link-color wp-elements-c9a5d8504483476c7fb01f79799b61d0\">\n<li>Artyku\u0142 dla Analysis and Mathematical Physics<\/li>\n\n\n\n<li>Artyku\u0142 dla Proceedings of the American Mathematical Society<\/li>\n\n\n\n<li>Artyku\u0142 dla Bulletin of the Malaysian Mathematical Society<\/li>\n\n\n\n<li>Artyku\u0142 dla Acta Mathematica Hungarica<\/li>\n\n\n\n<li>Artyku\u0142 dla Kragujevac Journal of Mathematics<\/li>\n<\/ul>\n\n\n\n<h3 class=\"wp-block-heading has-black-color has-text-color has-link-color wp-elements-53f6499cff25706ec2c46f1607b055ee\">Sta\u017ce naukowe:<\/h3>\n\n\n\n<ul class=\"has-black-color has-text-color has-link-color wp-elements-10a775e8ec4ea293a1cad2543fa8ebe5\">\n<li>Katedra Zastosowa\u0144 Matematyki i Informatyki Uniwersytetu Przyrodniczego w Lublinie, 13.02.2023 r. &#8211; 31.03.2023 r<\/li>\n<\/ul>\n\n\n\n<div class=\"wp-block-cover alignwide\" style=\"min-height:300px\"><span aria-hidden=\"true\" class=\"wp-block-cover__background has-nv-dark-bg-background-color has-background-dim-100 has-background-dim\"><\/span><div class=\"wp-block-cover__inner-container is-layout-flow wp-block-cover-is-layout-flow\">\n<div style=\"height:26px\" aria-hidden=\"true\" class=\"wp-block-spacer\"><\/div>\n\n\n\n<div class=\"wp-block-columns is-layout-flex wp-container-core-columns-layout-1 wp-block-columns-is-layout-flex\">\n<div class=\"wp-block-column is-layout-flow wp-block-column-is-layout-flow\">\n<h2 class=\"wp-block-heading\">Skontaktuj si\u0119 ze mn\u0105!<\/h2>\n\n\n\n<h3 class=\"wp-block-heading has-text-align-left has-nv-text-dark-bg-color has-text-color\">Adres: Lublin, P\u00f3\u0142nocna 20\/9<\/h3>\n\n\n\n<h3 class=\"wp-block-heading\">Telefon: +48 537 666 906<\/h3>\n\n\n\n<h3 class=\"wp-block-heading\">Adres Email: mparol1990@gmail.com<\/h3>\n<\/div>\n\n\n\n<div class=\"wp-block-column is-layout-flow wp-block-column-is-layout-flow\">\n<h2 class=\"wp-block-heading\">Formularz kontaktowy<\/h2>\n\n\n\n<div id=\"wp-block-themeisle-blocks-form-be1fe866\" class=\"wp-block-themeisle-blocks-form\" data-option-name=\"bf9b28ff82ce323187abc5d0feb0d8f07ecd8436_be1fe866\"><form class=\"otter-form__container\">\n<div id=\"wp-block-themeisle-blocks-form-input-e0ca13ab\" class=\"wp-block-themeisle-blocks-form-input\"><label for=\"wp-block-themeisle-blocks-form-input-e0ca13ab-input\" class=\"otter-form-input-label\"><span class=\"otter-form-input-label__label\">Imie<\/span><span class=\"required\">*<\/span><\/label><input type=\"text\" id=\"wp-block-themeisle-blocks-form-input-e0ca13ab-input\" required class=\"otter-form-input\"\/><\/div>\n\n\n\n<div id=\"wp-block-themeisle-blocks-form-input-f9591407\" class=\"wp-block-themeisle-blocks-form-input\"><label for=\"wp-block-themeisle-blocks-form-input-f9591407-input\" class=\"otter-form-input-label\"><span class=\"otter-form-input-label__label\">Email<\/span><span class=\"required\">*<\/span><\/label><input type=\"email\" id=\"wp-block-themeisle-blocks-form-input-f9591407-input\" required class=\"otter-form-input\"\/><\/div>\n\n\n<div class=\"protection\" aria-hidden=\"true\"><input type=\"hidden\" id=\"wp-block-themeisle-blocks-form-be1fe866_nonce_field\" name=\"wp-block-themeisle-blocks-form-be1fe866_nonce_field\" value=\"e03a766e42\" \/><input type=\"hidden\" name=\"_wp_http_referer\" value=\"\/index.php\/wp-json\/wp\/v2\/pages\/25\" \/><input class=\"o-anti-bot\" type=\"checkbox\"><\/div>\n\n\n<div id=\"wp-block-themeisle-blocks-form-textarea-039f99b8\" class=\"wp-block-themeisle-blocks-form-textarea\"><label for=\"wp-block-themeisle-blocks-form-textarea-039f99b8-input\" class=\"otter-form-textarea-label\"><span class=\"otter-form-textarea-label__label\">Wiadomo\u015b\u0107<\/span><\/label><textarea id=\"wp-block-themeisle-blocks-form-textarea-039f99b8-input\" rows=\"10\" class=\"otter-form-textarea-input\"><\/textarea><\/div>\n<div class=\"wp-block-button\"><button class=\"wp-block-button__link\" type=\"submit\">Submit<\/button><\/div><\/form><\/div>\n<\/div>\n<\/div>\n\n\n\n<p><\/p>\n<\/div><\/div>\n\n\n<div class=\"wp-block-image\">\n<figure class=\"alignright size-full\"><img loading=\"lazy\" decoding=\"async\" width=\"500\" height=\"300\" src=\"http:\/\/www.maciejparol.pl\/wp-content\/uploads\/2023\/12\/Niebieskie-i-Czarne-Hexa-Gry-Logo-500-x-300-px.png\" alt=\"\" class=\"wp-image-63\" srcset=\"https:\/\/www.maciejparol.pl\/wp-content\/uploads\/2023\/12\/Niebieskie-i-Czarne-Hexa-Gry-Logo-500-x-300-px.png 500w, https:\/\/www.maciejparol.pl\/wp-content\/uploads\/2023\/12\/Niebieskie-i-Czarne-Hexa-Gry-Logo-500-x-300-px-300x180.png 300w\" sizes=\"(max-width: 500px) 100vw, 500px\" \/><\/figure><\/div>","protected":false},"excerpt":{"rendered":"<p>Zainteresowania naukowe: Publikacje: Konferencje: Recenzje: Sta\u017ce naukowe:<\/p>\n","protected":false},"author":1,"featured_media":0,"parent":0,"menu_order":0,"comment_status":"closed","ping_status":"closed","template":"","meta":{"neve_meta_sidebar":"","neve_meta_container":"","neve_meta_enable_content_width":"","neve_meta_content_width":0,"neve_meta_title_alignment":"","neve_meta_author_avatar":"","neve_post_elements_order":"","neve_meta_disable_header":"","neve_meta_disable_footer":"","neve_meta_disable_title":"","_themeisle_gutenberg_block_has_review":false,"_ti_tpc_template_sync":false,"_ti_tpc_template_id":"","footnotes":""},"_links":{"self":[{"href":"https:\/\/www.maciejparol.pl\/index.php\/wp-json\/wp\/v2\/pages\/25"}],"collection":[{"href":"https:\/\/www.maciejparol.pl\/index.php\/wp-json\/wp\/v2\/pages"}],"about":[{"href":"https:\/\/www.maciejparol.pl\/index.php\/wp-json\/wp\/v2\/types\/page"}],"author":[{"embeddable":true,"href":"https:\/\/www.maciejparol.pl\/index.php\/wp-json\/wp\/v2\/users\/1"}],"replies":[{"embeddable":true,"href":"https:\/\/www.maciejparol.pl\/index.php\/wp-json\/wp\/v2\/comments?post=25"}],"version-history":[{"count":21,"href":"https:\/\/www.maciejparol.pl\/index.php\/wp-json\/wp\/v2\/pages\/25\/revisions"}],"predecessor-version":[{"id":435,"href":"https:\/\/www.maciejparol.pl\/index.php\/wp-json\/wp\/v2\/pages\/25\/revisions\/435"}],"wp:attachment":[{"href":"https:\/\/www.maciejparol.pl\/index.php\/wp-json\/wp\/v2\/media?parent=25"}],"curies":[{"name":"wp","href":"https:\/\/api.w.org\/{rel}","templated":true}]}}