{"id":34,"date":"2023-12-28T00:22:39","date_gmt":"2023-12-28T00:22:39","guid":{"rendered":"http:\/\/www.maciejparol.pl\/?page_id=34"},"modified":"2025-09-30T15:28:43","modified_gmt":"2025-09-30T15:28:43","slug":"korepetycje","status":"publish","type":"page","link":"https:\/\/www.maciejparol.pl\/index.php\/korepetycje\/","title":{"rendered":"Korepetycje"},"content":{"rendered":"\n<p class=\"has-black-color has-text-color has-link-color wp-elements-57497d1e2b3163053cc436581b022f95\">Posiadam wieloletnie do\u015bwiadczenie w udzielaniu korepetycji. Na przestrzeni lat przygotowa\u0142em ponad 200 uczni\u00f3w do egzamin\u00f3w maturalnych polskich jak i mi\u0119dzynarodowych, konkurs\u00f3w matematycznych czy egzamin\u00f3w na studiach. Sam uzyska\u0142em wynik 100% na poziomie rozszerzonym egzaminu maturalnego oraz by\u0142em laureatem kilkudziesi\u0119ciu konkurs\u00f3w matematycznych, wi\u0119c dok\u0142adnie wiem na co zwr\u00f3ci\u0107&nbsp; uwag\u0119 podczas nauczania matematyki. Ceni\u0119 sobie indywidualne i rzeczowe podej\u015bcie do ucznia. Cechuje mnie spok\u00f3j oraz cierpliwo\u015b\u0107, kt\u00f3re s\u0105 niezb\u0119dne do efektywnego przekazywania wiedzy.<\/p>\n\n\n\n<h3 class=\"wp-block-heading has-black-color has-text-color has-link-color wp-elements-dda7265a91c25035e2d2a7727179a581\">Przygotowuj\u0119 uczni\u00f3w do:<\/h3>\n\n\n\n<ul class=\"has-black-color has-text-color has-link-color wp-elements-c527d5d6dafe9b74e9198748eef5a4da\">\n<li>Programu IB HL<\/li>\n\n\n\n<li>Programu IB SL;<\/li>\n\n\n\n<li>Programu A-levels;<\/li>\n\n\n\n<li>Egzaminu maturalnego &#8211; poziom rozszerzony<\/li>\n\n\n\n<li>Egzaminu maturalnego &#8211; poziom podstawowy<\/li>\n\n\n\n<li>Egzamin\u00f3w z matematyki wy\u017cszej<\/li>\n\n\n\n<li>Konkurs\u00f3w<\/li>\n<\/ul>\n\n\n\n<p class=\"has-black-color has-text-color has-link-color wp-elements-f1d0d58e6ac2bc26b0bff047f382644a\">Zaj\u0119cia prowadz\u0119 wy\u0142\u0105cznie w formie zdalnej. Ponadto prowadz\u0119 je r\u00f3wnie\u017c w j\u0119zyku angielskim.<\/p>\n\n\n\n<p class=\"has-black-color has-text-color has-link-color wp-elements-f9dad8793abef753a12ae24cddf2072e\">Cena za godzin\u0119 lekcyjn\u0105 zaj\u0119\u0107 wynosi odpowiednio:<\/p>\n\n\n\n<ul class=\"has-black-color has-text-color has-link-color wp-elements-0816582f714c6a77072ff7319e72b4ed\">\n<li>200 z\u0142 w przypadku zaj\u0119\u0107 cyklicznych w j\u0119zyku polskim<\/li>\n\n\n\n<li>250 z\u0142 w przypadku zaj\u0119\u0107 dora\u017anych w j\u0119zyku polskim<\/li>\n\n\n\n<li>300 z\u0142 w przypadku zaj\u0119\u0107 cyklicznych w j\u0119zyku angielskim<\/li>\n\n\n\n<li>400 z\u0142 w przypadku zaj\u0119\u0107 dora\u017anych w j\u0119zyku angielskim<\/li>\n<\/ul>\n\n\n\n<div class=\"wp-block-cover alignwide\" style=\"min-height:300px\"><span aria-hidden=\"true\" class=\"wp-block-cover__background has-nv-dark-bg-background-color has-background-dim-100 has-background-dim\"><\/span><div class=\"wp-block-cover__inner-container is-layout-flow wp-block-cover-is-layout-flow\">\n<div style=\"height:26px\" aria-hidden=\"true\" class=\"wp-block-spacer\"><\/div>\n\n\n\n<div class=\"wp-block-columns is-layout-flex wp-container-core-columns-layout-1 wp-block-columns-is-layout-flex\">\n<div class=\"wp-block-column is-layout-flow wp-block-column-is-layout-flow\">\n<h2 class=\"wp-block-heading\">Skontaktuj si\u0119 ze mn\u0105!<\/h2>\n\n\n\n<h3 class=\"wp-block-heading has-text-align-left has-nv-text-dark-bg-color has-text-color\">Adres: Lublin, P\u00f3\u0142nocna 20\/9<\/h3>\n\n\n\n<h3 class=\"wp-block-heading\">Telefon: +48 537 666 906<\/h3>\n\n\n\n<h3 class=\"wp-block-heading\">Adres Email: mparol1990@gmail.com<\/h3>\n<\/div>\n\n\n\n<div class=\"wp-block-column is-layout-flow wp-block-column-is-layout-flow\">\n<h2 class=\"wp-block-heading\">Formularz kontaktowy<\/h2>\n\n\n\n<div id=\"wp-block-themeisle-blocks-form-be1fe866\" class=\"wp-block-themeisle-blocks-form\" data-option-name=\"bf9b28ff82ce323187abc5d0feb0d8f07ecd8436_be1fe866\"><form class=\"otter-form__container\">\n<div id=\"wp-block-themeisle-blocks-form-input-e0ca13ab\" class=\"wp-block-themeisle-blocks-form-input\"><label for=\"wp-block-themeisle-blocks-form-input-e0ca13ab-input\" class=\"otter-form-input-label\"><span class=\"otter-form-input-label__label\">Imie<\/span><span class=\"required\">*<\/span><\/label><input type=\"text\" id=\"wp-block-themeisle-blocks-form-input-e0ca13ab-input\" required class=\"otter-form-input\"\/><\/div>\n\n\n\n<div id=\"wp-block-themeisle-blocks-form-input-f9591407\" class=\"wp-block-themeisle-blocks-form-input\"><label for=\"wp-block-themeisle-blocks-form-input-f9591407-input\" class=\"otter-form-input-label\"><span class=\"otter-form-input-label__label\">Email<\/span><span class=\"required\">*<\/span><\/label><input type=\"email\" id=\"wp-block-themeisle-blocks-form-input-f9591407-input\" required class=\"otter-form-input\"\/><\/div>\n\n\n<div class=\"protection\" aria-hidden=\"true\"><input type=\"hidden\" id=\"wp-block-themeisle-blocks-form-be1fe866_nonce_field\" name=\"wp-block-themeisle-blocks-form-be1fe866_nonce_field\" value=\"e03a766e42\" \/><input type=\"hidden\" name=\"_wp_http_referer\" value=\"\/index.php\/wp-json\/wp\/v2\/pages\/34\" \/><input class=\"o-anti-bot\" type=\"checkbox\"><\/div>\n\n\n<div id=\"wp-block-themeisle-blocks-form-textarea-039f99b8\" class=\"wp-block-themeisle-blocks-form-textarea\"><label for=\"wp-block-themeisle-blocks-form-textarea-039f99b8-input\" class=\"otter-form-textarea-label\"><span class=\"otter-form-textarea-label__label\">Wiadomo\u015b\u0107<\/span><\/label><textarea id=\"wp-block-themeisle-blocks-form-textarea-039f99b8-input\" rows=\"10\" class=\"otter-form-textarea-input\"><\/textarea><\/div>\n<div class=\"wp-block-button\"><button class=\"wp-block-button__link\" type=\"submit\">Submit<\/button><\/div><\/form><\/div>\n<\/div>\n<\/div>\n\n\n\n<p><\/p>\n<\/div><\/div>\n\n\n<div class=\"wp-block-image\">\n<figure class=\"alignright size-full\"><img loading=\"lazy\" decoding=\"async\" width=\"500\" height=\"300\" src=\"http:\/\/www.maciejparol.pl\/wp-content\/uploads\/2023\/12\/Niebieskie-i-Czarne-Hexa-Gry-Logo-500-x-300-px.png\" alt=\"\" class=\"wp-image-63\" srcset=\"https:\/\/www.maciejparol.pl\/wp-content\/uploads\/2023\/12\/Niebieskie-i-Czarne-Hexa-Gry-Logo-500-x-300-px.png 500w, https:\/\/www.maciejparol.pl\/wp-content\/uploads\/2023\/12\/Niebieskie-i-Czarne-Hexa-Gry-Logo-500-x-300-px-300x180.png 300w\" sizes=\"(max-width: 500px) 100vw, 500px\" \/><\/figure><\/div>","protected":false},"excerpt":{"rendered":"<p>Posiadam wieloletnie do\u015bwiadczenie w udzielaniu korepetycji. Na przestrzeni lat przygotowa\u0142em ponad 200 uczni\u00f3w do egzamin\u00f3w maturalnych polskich jak i mi\u0119dzynarodowych, konkurs\u00f3w matematycznych czy egzamin\u00f3w na studiach. Sam uzyska\u0142em wynik 100% na poziomie rozszerzonym egzaminu maturalnego oraz by\u0142em laureatem kilkudziesi\u0119ciu konkurs\u00f3w matematycznych, wi\u0119c dok\u0142adnie wiem na co zwr\u00f3ci\u0107&nbsp; uwag\u0119 podczas nauczania matematyki. Ceni\u0119 sobie indywidualne i&hellip;&nbsp;<a href=\"https:\/\/www.maciejparol.pl\/index.php\/korepetycje\/\" rel=\"bookmark\">Czytaj dalej &raquo;<span class=\"screen-reader-text\">Korepetycje<\/span><\/a><\/p>\n","protected":false},"author":1,"featured_media":0,"parent":0,"menu_order":0,"comment_status":"closed","ping_status":"closed","template":"","meta":{"neve_meta_sidebar":"","neve_meta_container":"","neve_meta_enable_content_width":"","neve_meta_content_width":0,"neve_meta_title_alignment":"","neve_meta_author_avatar":"","neve_post_elements_order":"","neve_meta_disable_header":"","neve_meta_disable_footer":"","neve_meta_disable_title":"","_themeisle_gutenberg_block_has_review":false,"_ti_tpc_template_sync":false,"_ti_tpc_template_id":"","footnotes":""},"_links":{"self":[{"href":"https:\/\/www.maciejparol.pl\/index.php\/wp-json\/wp\/v2\/pages\/34"}],"collection":[{"href":"https:\/\/www.maciejparol.pl\/index.php\/wp-json\/wp\/v2\/pages"}],"about":[{"href":"https:\/\/www.maciejparol.pl\/index.php\/wp-json\/wp\/v2\/types\/page"}],"author":[{"embeddable":true,"href":"https:\/\/www.maciejparol.pl\/index.php\/wp-json\/wp\/v2\/users\/1"}],"replies":[{"embeddable":true,"href":"https:\/\/www.maciejparol.pl\/index.php\/wp-json\/wp\/v2\/comments?post=34"}],"version-history":[{"count":7,"href":"https:\/\/www.maciejparol.pl\/index.php\/wp-json\/wp\/v2\/pages\/34\/revisions"}],"predecessor-version":[{"id":420,"href":"https:\/\/www.maciejparol.pl\/index.php\/wp-json\/wp\/v2\/pages\/34\/revisions\/420"}],"wp:attachment":[{"href":"https:\/\/www.maciejparol.pl\/index.php\/wp-json\/wp\/v2\/media?parent=34"}],"curies":[{"name":"wp","href":"https:\/\/api.w.org\/{rel}","templated":true}]}}