{"id":8,"date":"2023-12-25T12:24:28","date_gmt":"2023-12-25T12:24:28","guid":{"rendered":"http:\/\/www.maciejparol.pl\/?page_id=8"},"modified":"2025-09-30T15:35:00","modified_gmt":"2025-09-30T15:35:00","slug":"o-mnie","status":"publish","type":"page","link":"https:\/\/www.maciejparol.pl\/index.php\/o-mnie\/","title":{"rendered":"O mnie"},"content":{"rendered":"\n<div class=\"wp-block-media-text is-stacked-on-mobile\" style=\"grid-template-columns:28% auto\"><figure class=\"wp-block-media-text__media\"><img loading=\"lazy\" decoding=\"async\" width=\"531\" height=\"768\" src=\"http:\/\/www.maciejparol.pl\/wp-content\/uploads\/2024\/01\/received_1433549304085531.jpeg\" alt=\"\" class=\"wp-image-379 size-full\" srcset=\"https:\/\/www.maciejparol.pl\/wp-content\/uploads\/2024\/01\/received_1433549304085531.jpeg 531w, https:\/\/www.maciejparol.pl\/wp-content\/uploads\/2024\/01\/received_1433549304085531-207x300.jpeg 207w\" sizes=\"(max-width: 531px) 100vw, 531px\" \/><\/figure><div class=\"wp-block-media-text__content\">\n<p class=\"has-text-align-left\">Nazywam si\u0119 Maciej Parol. Jestem doktorem nauk \u015bcis\u0142ych i przyrodniczych w dyscyplinie matematyka. Przez siedem lat pracowa\u0142em na stanowiskach badawczo-dydaktycznych w Katedrze Analizy Matematycznej Katolickiego Uniwersytetu Lubelskiego Jana Paw\u0142a II. Obecnie jestem zatrudniony jako adiunkt badawczo-dydaktyczny w Instytucie Matematyki Uniwersytetu Kardyna\u0142a Stefana Wyszy\u0144skiego w Warszawie. Od 2022 roku przynale\u017c\u0119 do Polskiego Towarzystwa Matematycznego. Ponadto jestem autorem wielu artyku\u0142\u00f3w naukowych i referat\u00f3w o zasi\u0119gu mi\u0119dzynarodowym.\u00a0<\/p>\n\n\n\n<p>Od ponad 10 lat wyk\u0142adam na uczelni, a udzielaniem korepetycji zajmuj\u0119 si\u0119 od ponad 21 lat. Poza matematyk\u0105 do moich g\u0142\u00f3wnych zainteresowa\u0144 nale\u017c\u0105 gra na pianinie, historia, szachy oraz gry strategiczne.<\/p>\n<\/div><\/div>\n\n\n\n<div style=\"height:54px\" aria-hidden=\"true\" class=\"wp-block-spacer\"><\/div>\n\n\n\n<div class=\"wp-block-cover alignwide\" style=\"min-height:300px\"><span aria-hidden=\"true\" class=\"wp-block-cover__background has-nv-dark-bg-background-color has-background-dim-100 has-background-dim\"><\/span><div class=\"wp-block-cover__inner-container is-layout-flow wp-block-cover-is-layout-flow\">\n<div style=\"height:26px\" aria-hidden=\"true\" class=\"wp-block-spacer\"><\/div>\n\n\n\n<div class=\"wp-block-columns is-layout-flex wp-container-core-columns-layout-1 wp-block-columns-is-layout-flex\">\n<div class=\"wp-block-column is-layout-flow wp-block-column-is-layout-flow\">\n<h2 class=\"wp-block-heading\">Skontaktuj si\u0119 ze mn\u0105!<\/h2>\n\n\n\n<h3 class=\"wp-block-heading has-text-align-left has-nv-text-dark-bg-color has-text-color\">Adres: Lublin, P\u00f3\u0142nocna 20\/9<\/h3>\n\n\n\n<h3 class=\"wp-block-heading\">Telefon: +48 537 666 906<\/h3>\n\n\n\n<h3 class=\"wp-block-heading\">Adres Email: mparol1990@gmail.com<\/h3>\n<\/div>\n\n\n\n<div class=\"wp-block-column is-layout-flow wp-block-column-is-layout-flow\">\n<h2 class=\"wp-block-heading\">Formularz kontaktowy<\/h2>\n\n\n\n<div id=\"wp-block-themeisle-blocks-form-be1fe866\" class=\"wp-block-themeisle-blocks-form\" data-option-name=\"bf9b28ff82ce323187abc5d0feb0d8f07ecd8436_be1fe866\"><form class=\"otter-form__container\">\n<div id=\"wp-block-themeisle-blocks-form-input-e0ca13ab\" class=\"wp-block-themeisle-blocks-form-input\"><label for=\"wp-block-themeisle-blocks-form-input-e0ca13ab-input\" class=\"otter-form-input-label\"><span class=\"otter-form-input-label__label\">Imie<\/span><span class=\"required\">*<\/span><\/label><input type=\"text\" id=\"wp-block-themeisle-blocks-form-input-e0ca13ab-input\" required class=\"otter-form-input\"\/><\/div>\n\n\n\n<div id=\"wp-block-themeisle-blocks-form-input-f9591407\" class=\"wp-block-themeisle-blocks-form-input\"><label for=\"wp-block-themeisle-blocks-form-input-f9591407-input\" class=\"otter-form-input-label\"><span class=\"otter-form-input-label__label\">Email<\/span><span class=\"required\">*<\/span><\/label><input type=\"email\" id=\"wp-block-themeisle-blocks-form-input-f9591407-input\" required class=\"otter-form-input\"\/><\/div>\n\n\n<div class=\"protection\" aria-hidden=\"true\"><input type=\"hidden\" id=\"wp-block-themeisle-blocks-form-be1fe866_nonce_field\" name=\"wp-block-themeisle-blocks-form-be1fe866_nonce_field\" value=\"e03a766e42\" \/><input type=\"hidden\" name=\"_wp_http_referer\" value=\"\/index.php\/wp-json\/wp\/v2\/pages\/8\" \/><input class=\"o-anti-bot\" type=\"checkbox\"><\/div>\n\n\n<div id=\"wp-block-themeisle-blocks-form-textarea-039f99b8\" class=\"wp-block-themeisle-blocks-form-textarea\"><label for=\"wp-block-themeisle-blocks-form-textarea-039f99b8-input\" class=\"otter-form-textarea-label\"><span class=\"otter-form-textarea-label__label\">Wiadomo\u015b\u0107<\/span><\/label><textarea id=\"wp-block-themeisle-blocks-form-textarea-039f99b8-input\" rows=\"10\" class=\"otter-form-textarea-input\"><\/textarea><\/div>\n<div class=\"wp-block-button\"><button class=\"wp-block-button__link\" type=\"submit\">Submit<\/button><\/div><\/form><\/div>\n<\/div>\n<\/div>\n\n\n\n<p><\/p>\n<\/div><\/div>\n\n\n<div class=\"wp-block-image\">\n<figure class=\"alignright size-full\"><img loading=\"lazy\" decoding=\"async\" width=\"500\" height=\"300\" src=\"http:\/\/www.maciejparol.pl\/wp-content\/uploads\/2023\/12\/Niebieskie-i-Czarne-Hexa-Gry-Logo-500-x-300-px.png\" alt=\"\" class=\"wp-image-63\" srcset=\"https:\/\/www.maciejparol.pl\/wp-content\/uploads\/2023\/12\/Niebieskie-i-Czarne-Hexa-Gry-Logo-500-x-300-px.png 500w, https:\/\/www.maciejparol.pl\/wp-content\/uploads\/2023\/12\/Niebieskie-i-Czarne-Hexa-Gry-Logo-500-x-300-px-300x180.png 300w\" sizes=\"(max-width: 500px) 100vw, 500px\" \/><\/figure><\/div>","protected":false},"excerpt":{"rendered":"<p>Nazywam si\u0119 Maciej Parol. Jestem doktorem nauk \u015bcis\u0142ych i przyrodniczych w dyscyplinie matematyka. Przez siedem lat pracowa\u0142em na stanowiskach badawczo-dydaktycznych w Katedrze Analizy Matematycznej Katolickiego Uniwersytetu Lubelskiego Jana Paw\u0142a II. Obecnie jestem zatrudniony jako adiunkt badawczo-dydaktyczny w Instytucie Matematyki Uniwersytetu Kardyna\u0142a Stefana Wyszy\u0144skiego w Warszawie. Od 2022 roku przynale\u017c\u0119 do Polskiego Towarzystwa Matematycznego. Ponadto jestem&hellip;&nbsp;<a href=\"https:\/\/www.maciejparol.pl\/index.php\/o-mnie\/\" rel=\"bookmark\">Czytaj dalej &raquo;<span class=\"screen-reader-text\">O mnie<\/span><\/a><\/p>\n","protected":false},"author":1,"featured_media":0,"parent":0,"menu_order":0,"comment_status":"closed","ping_status":"closed","template":"","meta":{"neve_meta_sidebar":"","neve_meta_container":"","neve_meta_enable_content_width":"","neve_meta_content_width":0,"neve_meta_title_alignment":"","neve_meta_author_avatar":"","neve_post_elements_order":"","neve_meta_disable_header":"","neve_meta_disable_footer":"","neve_meta_disable_title":"","_themeisle_gutenberg_block_has_review":false,"_ti_tpc_template_sync":false,"_ti_tpc_template_id":"","footnotes":""},"_links":{"self":[{"href":"https:\/\/www.maciejparol.pl\/index.php\/wp-json\/wp\/v2\/pages\/8"}],"collection":[{"href":"https:\/\/www.maciejparol.pl\/index.php\/wp-json\/wp\/v2\/pages"}],"about":[{"href":"https:\/\/www.maciejparol.pl\/index.php\/wp-json\/wp\/v2\/types\/page"}],"author":[{"embeddable":true,"href":"https:\/\/www.maciejparol.pl\/index.php\/wp-json\/wp\/v2\/users\/1"}],"replies":[{"embeddable":true,"href":"https:\/\/www.maciejparol.pl\/index.php\/wp-json\/wp\/v2\/comments?post=8"}],"version-history":[{"count":15,"href":"https:\/\/www.maciejparol.pl\/index.php\/wp-json\/wp\/v2\/pages\/8\/revisions"}],"predecessor-version":[{"id":424,"href":"https:\/\/www.maciejparol.pl\/index.php\/wp-json\/wp\/v2\/pages\/8\/revisions\/424"}],"wp:attachment":[{"href":"https:\/\/www.maciejparol.pl\/index.php\/wp-json\/wp\/v2\/media?parent=8"}],"curies":[{"name":"wp","href":"https:\/\/api.w.org\/{rel}","templated":true}]}}